{"id":2653,"date":"2021-03-26T12:07:37","date_gmt":"2021-03-26T11:07:37","guid":{"rendered":"http:\/\/mastersport.sopchy.com\/nasze-realizacje\/"},"modified":"2021-05-19T11:02:26","modified_gmt":"2021-05-19T09:02:26","slug":"our-realizations","status":"publish","type":"page","link":"https:\/\/mastersport.com.pl\/en\/our-realizations\/","title":{"rendered":"Our realizations"},"content":{"rendered":"<div data-vc-full-width=\"true\" data-vc-full-width-init=\"false\" class=\"vc_row wpb_row vc_row-fluid vc_custom_1618239519947 vc_row-o-equal-height vc_row-o-content-middle vc_row-flex baque_custom_60a4d423624ec vc_custom_1618239519947 vc_custom_1618239519947 vc_custom_1618239519958 vc_custom_1618239519965 vc_custom_1618239519980\"><div class=\"wpb_column vc_column_container vc_col-sm-6 baque_custom_60a4d423624f0 vc_custom_1618239560439 vc_custom_1618239560439 vc_custom_1618239560469\"><div class=\"vc_column-inner vc_custom_1618239560439\"><div class=\"wpb_wrapper\">\r\n\t<div  class=\"wpb_single_image wpb_content_element vc_align_left baque_custom_60a4d423624f2\">\r\n\t\t<h2 class=\"wpb_heading wpb_singleimage_heading\">Fitness Factory Nowy Targ<\/h2>\r\n\t\t<figure class=\"wpb_wrapper vc_figure\">\r\n\t\t\t<a href=\"https:\/\/mastersport.com.pl\/fitness-factory-nowy-targ\/\" target=\"_blank\" class=\"vc_single_image-wrapper   vc_box_border_grey\"><figure><img loading=\"lazy\" decoding=\"async\" width=\"960\" height=\"539\" src=\"data:image\/svg+xml;charset=utf-8,%3Csvg%20xmlns%3D%27http%3A%2F%2Fwww.w3.org%2F2000%2Fsvg%27%20viewBox%3D%270%200%20960%20539%27%2F%3E\" class=\"vc_single_image-img attachment-full lazy\" alt=\"\" data-src=\"https:\/\/mastersport.com.pl\/wp-content\/uploads\/2021\/05\/22228090_273737043146388_678020650562588181_n.jpg\" data-srcset=\"https:\/\/mastersport.com.pl\/wp-content\/uploads\/2021\/05\/22228090_273737043146388_678020650562588181_n.jpg 960w, https:\/\/mastersport.com.pl\/wp-content\/uploads\/2021\/05\/22228090_273737043146388_678020650562588181_n-300x168.jpg 300w, https:\/\/mastersport.com.pl\/wp-content\/uploads\/2021\/05\/22228090_273737043146388_678020650562588181_n-768x431.jpg 768w, https:\/\/mastersport.com.pl\/wp-content\/uploads\/2021\/05\/22228090_273737043146388_678020650562588181_n-600x337.jpg 600w\" data-sizes=\"(max-width: 960px) 100vw, 960px\" \/><\/figure><\/a>\r\n\t\t<\/figure>\r\n\t<\/div>\r\n<\/div><\/div><\/div><div class=\"wpb_column vc_column_container vc_col-sm-6\"><div class=\"vc_column-inner\"><div class=\"wpb_wrapper\">\r\n\t<div  class=\"wpb_single_image wpb_content_element vc_align_left baque_custom_60a4d423624f3\">\r\n\t\t<h2 class=\"wpb_heading wpb_singleimage_heading\">Gym Evolution Kalisz<\/h2>\r\n\t\t<figure class=\"wpb_wrapper vc_figure\">\r\n\t\t\t<a href=\"https:\/\/mastersport.com.pl\/gym-evolution-kalisz\/\" target=\"_blank\" class=\"vc_single_image-wrapper   vc_box_border_grey\"><figure><img loading=\"lazy\" decoding=\"async\" width=\"960\" height=\"841\" src=\"data:image\/svg+xml;charset=utf-8,%3Csvg%20xmlns%3D%27http%3A%2F%2Fwww.w3.org%2F2000%2Fsvg%27%20viewBox%3D%270%200%20960%20841%27%2F%3E\" class=\"vc_single_image-img attachment-full lazy\" alt=\"\" data-src=\"https:\/\/mastersport.com.pl\/wp-content\/uploads\/2021\/05\/94992259_162677475212075_518205104390668288_n.jpg\" data-srcset=\"https:\/\/mastersport.com.pl\/wp-content\/uploads\/2021\/05\/94992259_162677475212075_518205104390668288_n.jpg 960w, https:\/\/mastersport.com.pl\/wp-content\/uploads\/2021\/05\/94992259_162677475212075_518205104390668288_n-300x263.jpg 300w, https:\/\/mastersport.com.pl\/wp-content\/uploads\/2021\/05\/94992259_162677475212075_518205104390668288_n-768x673.jpg 768w, https:\/\/mastersport.com.pl\/wp-content\/uploads\/2021\/05\/94992259_162677475212075_518205104390668288_n-600x526.jpg 600w\" data-sizes=\"(max-width: 960px) 100vw, 960px\" \/><\/figure><\/a>\r\n\t\t<\/figure>\r\n\t<\/div>\r\n<\/div><\/div><\/div><\/div><div class=\"vc_row-full-width vc_clearfix\"><\/div><div data-vc-full-width=\"true\" data-vc-full-width-init=\"false\" class=\"vc_row wpb_row vc_row-fluid vc_custom_1618239519947 vc_row-o-equal-height vc_row-o-content-middle vc_row-flex baque_custom_60a4d423624f4 vc_custom_1618239519947 vc_custom_1618239519947 vc_custom_1618239519958 vc_custom_1618239519965 vc_custom_1618239519980\"><div class=\"wpb_column vc_column_container vc_col-sm-6 baque_custom_60a4d423624f5 vc_custom_1618239560439 vc_custom_1618239560439 vc_custom_1618239560469\"><div class=\"vc_column-inner vc_custom_1618239560439\"><div class=\"wpb_wrapper\">\r\n\t<div  class=\"wpb_single_image wpb_content_element vc_align_left baque_custom_60a4d423624f7\">\r\n\t\t<h2 class=\"wpb_heading wpb_singleimage_heading\">Fitosfera Bia\u0142ystok<\/h2>\r\n\t\t<figure class=\"wpb_wrapper vc_figure\">\r\n\t\t\t<a href=\"https:\/\/mastersport.com.pl\/fitosfera-bialystok\/\" target=\"_blank\" class=\"vc_single_image-wrapper   vc_box_border_grey\"><figure><img loading=\"lazy\" decoding=\"async\" width=\"1500\" height=\"1000\" src=\"data:image\/svg+xml;charset=utf-8,%3Csvg%20xmlns%3D%27http%3A%2F%2Fwww.w3.org%2F2000%2Fsvg%27%20viewBox%3D%270%200%201500%201000%27%2F%3E\" class=\"vc_single_image-img attachment-full lazy\" alt=\"\" data-src=\"https:\/\/mastersport.com.pl\/wp-content\/uploads\/2021\/05\/83887011_2917857048279256_7029974595755048960_o.jpg\" data-srcset=\"https:\/\/mastersport.com.pl\/wp-content\/uploads\/2021\/05\/83887011_2917857048279256_7029974595755048960_o.jpg 1500w, https:\/\/mastersport.com.pl\/wp-content\/uploads\/2021\/05\/83887011_2917857048279256_7029974595755048960_o-300x200.jpg 300w, https:\/\/mastersport.com.pl\/wp-content\/uploads\/2021\/05\/83887011_2917857048279256_7029974595755048960_o-1024x683.jpg 1024w, https:\/\/mastersport.com.pl\/wp-content\/uploads\/2021\/05\/83887011_2917857048279256_7029974595755048960_o-768x512.jpg 768w, https:\/\/mastersport.com.pl\/wp-content\/uploads\/2021\/05\/83887011_2917857048279256_7029974595755048960_o-600x400.jpg 600w\" data-sizes=\"(max-width: 1500px) 100vw, 1500px\" \/><\/figure><\/a>\r\n\t\t<\/figure>\r\n\t<\/div>\r\n<\/div><\/div><\/div><div class=\"wpb_column vc_column_container vc_col-sm-6\"><div class=\"vc_column-inner\"><div class=\"wpb_wrapper\">\r\n\t<div  class=\"wpb_single_image wpb_content_element vc_align_left baque_custom_60a4d423624f8\">\r\n\t\t<h2 class=\"wpb_heading wpb_singleimage_heading\">Max Gym D\u0105browa G\u00f3rnicza<\/h2>\r\n\t\t<figure class=\"wpb_wrapper vc_figure\">\r\n\t\t\t<a href=\"https:\/\/mastersport.com.pl\/max-gym-dabrowa-gornicza\/\" target=\"_blank\" class=\"vc_single_image-wrapper   vc_box_border_grey\"><figure><img loading=\"lazy\" decoding=\"async\" width=\"1600\" height=\"1200\" src=\"data:image\/svg+xml;charset=utf-8,%3Csvg%20xmlns%3D%27http%3A%2F%2Fwww.w3.org%2F2000%2Fsvg%27%20viewBox%3D%270%200%201600%201200%27%2F%3E\" class=\"vc_single_image-img attachment-full lazy\" alt=\"\" data-src=\"https:\/\/mastersport.com.pl\/wp-content\/uploads\/2021\/05\/PHOTO-2020-11-13-15-28-56-1.jpg\" data-srcset=\"https:\/\/mastersport.com.pl\/wp-content\/uploads\/2021\/05\/PHOTO-2020-11-13-15-28-56-1.jpg 1600w, https:\/\/mastersport.com.pl\/wp-content\/uploads\/2021\/05\/PHOTO-2020-11-13-15-28-56-1-300x225.jpg 300w, https:\/\/mastersport.com.pl\/wp-content\/uploads\/2021\/05\/PHOTO-2020-11-13-15-28-56-1-1024x768.jpg 1024w, https:\/\/mastersport.com.pl\/wp-content\/uploads\/2021\/05\/PHOTO-2020-11-13-15-28-56-1-768x576.jpg 768w, https:\/\/mastersport.com.pl\/wp-content\/uploads\/2021\/05\/PHOTO-2020-11-13-15-28-56-1-1536x1152.jpg 1536w, https:\/\/mastersport.com.pl\/wp-content\/uploads\/2021\/05\/PHOTO-2020-11-13-15-28-56-1-600x450.jpg 600w\" data-sizes=\"(max-width: 1600px) 100vw, 1600px\" \/><\/figure><\/a>\r\n\t\t<\/figure>\r\n\t<\/div>\r\n<\/div><\/div><\/div><\/div><div class=\"vc_row-full-width vc_clearfix\"><\/div>\n","protected":false},"excerpt":{"rendered":"Fitness Factory Nowy Targ Gym Evolution Kalisz Fitosfera Bia\u0142ystok Max Gym D\u0105browa G\u00f3rnicza","protected":false},"author":1,"featured_media":0,"parent":0,"menu_order":0,"comment_status":"closed","ping_status":"closed","template":"","meta":{"footnotes":""},"class_list":["post-2653","page","type-page","status-publish","hentry"],"yoast_head":"<!-- This site is optimized with the Yoast SEO plugin v19.9 - https:\/\/yoast.com\/wordpress\/plugins\/seo\/ -->\n<title>Our realizations - MasterSport<\/title>\n<meta name=\"robots\" content=\"index, follow, max-snippet:-1, max-image-preview:large, max-video-preview:-1\" \/>\n<link rel=\"canonical\" href=\"https:\/\/mastersport.com.pl\/en\/our-realizations\/\" \/>\n<meta property=\"og:locale\" content=\"en_US\" \/>\n<meta property=\"og:type\" content=\"article\" \/>\n<meta property=\"og:title\" content=\"Our realizations - MasterSport\" \/>\n<meta property=\"og:url\" content=\"https:\/\/mastersport.com.pl\/en\/our-realizations\/\" \/>\n<meta property=\"og:site_name\" content=\"MasterSport\" \/>\n<meta property=\"article:modified_time\" content=\"2021-05-19T09:02:26+00:00\" \/>\n<meta name=\"twitter:card\" content=\"summary_large_image\" \/>\n<meta name=\"twitter:label1\" content=\"Est. reading time\" \/>\n\t<meta name=\"twitter:data1\" content=\"2 minutes\" \/>\n<script type=\"application\/ld+json\" class=\"yoast-schema-graph\">{\"@context\":\"https:\/\/schema.org\",\"@graph\":[{\"@type\":\"WebPage\",\"@id\":\"https:\/\/mastersport.com.pl\/en\/our-realizations\/\",\"url\":\"https:\/\/mastersport.com.pl\/en\/our-realizations\/\",\"name\":\"Our realizations - MasterSport\",\"isPartOf\":{\"@id\":\"https:\/\/mastersport.com.pl\/#website\"},\"datePublished\":\"2021-03-26T11:07:37+00:00\",\"dateModified\":\"2021-05-19T09:02:26+00:00\",\"breadcrumb\":{\"@id\":\"https:\/\/mastersport.com.pl\/en\/our-realizations\/#breadcrumb\"},\"inLanguage\":\"en-US\",\"potentialAction\":[{\"@type\":\"ReadAction\",\"target\":[\"https:\/\/mastersport.com.pl\/en\/our-realizations\/\"]}]},{\"@type\":\"BreadcrumbList\",\"@id\":\"https:\/\/mastersport.com.pl\/en\/our-realizations\/#breadcrumb\",\"itemListElement\":[{\"@type\":\"ListItem\",\"position\":1,\"name\":\"Strona g\u0142\u00f3wna\",\"item\":\"https:\/\/mastersport.com.pl\/en\/\"},{\"@type\":\"ListItem\",\"position\":2,\"name\":\"Our realizations\"}]},{\"@type\":\"WebSite\",\"@id\":\"https:\/\/mastersport.com.pl\/#website\",\"url\":\"https:\/\/mastersport.com.pl\/\",\"name\":\"MasterSport\",\"description\":\"\",\"potentialAction\":[{\"@type\":\"SearchAction\",\"target\":{\"@type\":\"EntryPoint\",\"urlTemplate\":\"https:\/\/mastersport.com.pl\/?s={search_term_string}\"},\"query-input\":\"required name=search_term_string\"}],\"inLanguage\":\"en-US\"}]}<\/script>\n<!-- \/ Yoast SEO plugin. -->","yoast_head_json":{"title":"Our realizations - MasterSport","robots":{"index":"index","follow":"follow","max-snippet":"max-snippet:-1","max-image-preview":"max-image-preview:large","max-video-preview":"max-video-preview:-1"},"canonical":"https:\/\/mastersport.com.pl\/en\/our-realizations\/","og_locale":"en_US","og_type":"article","og_title":"Our realizations - MasterSport","og_url":"https:\/\/mastersport.com.pl\/en\/our-realizations\/","og_site_name":"MasterSport","article_modified_time":"2021-05-19T09:02:26+00:00","twitter_card":"summary_large_image","twitter_misc":{"Est. reading time":"2 minutes"},"schema":{"@context":"https:\/\/schema.org","@graph":[{"@type":"WebPage","@id":"https:\/\/mastersport.com.pl\/en\/our-realizations\/","url":"https:\/\/mastersport.com.pl\/en\/our-realizations\/","name":"Our realizations - MasterSport","isPartOf":{"@id":"https:\/\/mastersport.com.pl\/#website"},"datePublished":"2021-03-26T11:07:37+00:00","dateModified":"2021-05-19T09:02:26+00:00","breadcrumb":{"@id":"https:\/\/mastersport.com.pl\/en\/our-realizations\/#breadcrumb"},"inLanguage":"en-US","potentialAction":[{"@type":"ReadAction","target":["https:\/\/mastersport.com.pl\/en\/our-realizations\/"]}]},{"@type":"BreadcrumbList","@id":"https:\/\/mastersport.com.pl\/en\/our-realizations\/#breadcrumb","itemListElement":[{"@type":"ListItem","position":1,"name":"Strona g\u0142\u00f3wna","item":"https:\/\/mastersport.com.pl\/en\/"},{"@type":"ListItem","position":2,"name":"Our realizations"}]},{"@type":"WebSite","@id":"https:\/\/mastersport.com.pl\/#website","url":"https:\/\/mastersport.com.pl\/","name":"MasterSport","description":"","potentialAction":[{"@type":"SearchAction","target":{"@type":"EntryPoint","urlTemplate":"https:\/\/mastersport.com.pl\/?s={search_term_string}"},"query-input":"required name=search_term_string"}],"inLanguage":"en-US"}]}},"_links":{"self":[{"href":"https:\/\/mastersport.com.pl\/en\/wp-json\/wp\/v2\/pages\/2653","targetHints":{"allow":["GET"]}}],"collection":[{"href":"https:\/\/mastersport.com.pl\/en\/wp-json\/wp\/v2\/pages"}],"about":[{"href":"https:\/\/mastersport.com.pl\/en\/wp-json\/wp\/v2\/types\/page"}],"author":[{"embeddable":true,"href":"https:\/\/mastersport.com.pl\/en\/wp-json\/wp\/v2\/users\/1"}],"replies":[{"embeddable":true,"href":"https:\/\/mastersport.com.pl\/en\/wp-json\/wp\/v2\/comments?post=2653"}],"version-history":[{"count":6,"href":"https:\/\/mastersport.com.pl\/en\/wp-json\/wp\/v2\/pages\/2653\/revisions"}],"predecessor-version":[{"id":4378,"href":"https:\/\/mastersport.com.pl\/en\/wp-json\/wp\/v2\/pages\/2653\/revisions\/4378"}],"wp:attachment":[{"href":"https:\/\/mastersport.com.pl\/en\/wp-json\/wp\/v2\/media?parent=2653"}],"curies":[{"name":"wp","href":"https:\/\/api.w.org\/{rel}","templated":true}]}}